{"id":176,"date":"2025-03-17T19:46:43","date_gmt":"2025-03-17T19:46:43","guid":{"rendered":"https:\/\/bitqs.review\/datenschutzbestimmungen\/"},"modified":"2025-03-28T14:31:09","modified_gmt":"2025-03-28T14:31:09","slug":"datenschutzbestimmungen","status":"publish","type":"page","link":"https:\/\/bitqs.review\/de\/datenschutzbestimmungen\/","title":{"rendered":"Datenschutzbestimmungen"},"content":{"rendered":"\n<p>Bei <strong>BitQS Review<\/strong>, erreichbar unter <a href=\"https:\/\/bitqs.review\/de\/\" target=\"_blank\" rel=\"noreferrer noopener\">https:\/\/bitqs.review\/,<\/a> legen wir gro\u00dfen Wert auf die Privatsph\u00e4re unserer Besucher. Diese Datenschutzrichtlinie beschreibt die Arten von Informationen, die von BitQS Review gesammelt und aufgezeichnet werden, und wie wir sie verwenden und sch\u00fctzen. <\/p>\n\n<hr class=\"wp-block-separator has-alpha-channel-opacity\"\/>\n\n<h3 class=\"wp-block-heading\">1. Einverst\u00e4ndnis<\/h3>\n\n<p>Durch die Nutzung unserer Website erkl\u00e4ren Sie sich mit unserer Datenschutzrichtlinie einverstanden und stimmen deren Bedingungen zu.<\/p>\n\n<h3 class=\"wp-block-heading\">2. Umfang der Politik<\/h3>\n\n<p>Diese Datenschutzrichtlinie gilt nur f\u00fcr unsere Online-Aktivit\u00e4ten und f\u00fcr Besucher unserer Website in Bezug auf Informationen, die auf BitQS Review geteilt und\/oder gesammelt werden. Sie gilt nicht f\u00fcr Daten, die offline oder \u00fcber andere Kan\u00e4le gesammelt werden. <\/p>\n\n<h3 class=\"wp-block-heading\">3. Informationen, die wir sammeln<\/h3>\n\n<ul class=\"wp-block-list\">\n<li><strong>Kontaktinformationen:<\/strong> Name, E-Mail-Adresse, Telefonnummer, Firmenname, Adresse<\/li>\n\n\n\n<li><strong>Benutzerinhalte:<\/strong> Nachrichten, Anfragen und Anh\u00e4nge, die \u00fcber unsere Kontaktformulare oder per E-Mail gesendet werden<\/li>\n\n\n\n<li><strong>Konto-Registrierung:<\/strong> Informationen, die bei der Kontoanmeldung angegeben werden<\/li>\n<\/ul>\n\n<p>Wir werden immer die Gr\u00fcnde f\u00fcr die Anforderung von pers\u00f6nlichen Daten zum Zeitpunkt der Erfassung angeben.<\/p>\n\n<h3 class=\"wp-block-heading\">4. Wie wir Ihre Informationen verwenden<\/h3>\n\n<ul class=\"wp-block-list\">\n<li>Unsere Website bereitstellen, betreiben und pflegen<\/li>\n\n\n\n<li>Verbessern und personalisieren Sie Ihr Benutzererlebnis<\/li>\n\n\n\n<li>Verstehen und analysieren, wie Sie unsere Website nutzen<\/li>\n\n\n\n<li>Entwickeln Sie neue Funktionen, Dienste und Tools<\/li>\n\n\n\n<li>Kommunikation mit Ihnen bez\u00fcglich Support, Updates, Marketing oder Werbezwecken<\/li>\n\n\n\n<li>Senden Sie E-Mails<\/li>\n\n\n\n<li>Betrug erkennen und verhindern<\/li>\n<\/ul>\n\n<h3 class=\"wp-block-heading\">5. Log-Dateien<\/h3>\n\n<p>BitQS Review folgt einem Standardverfahren f\u00fcr die Verwendung von Protokolldateien, einschlie\u00dflich:<\/p>\n\n<ul class=\"wp-block-list\">\n<li>IP-Adressen<\/li>\n\n\n\n<li>Browser-Typen<\/li>\n\n\n\n<li>ISP<\/li>\n\n\n\n<li>Datum-\/Zeitstempel<\/li>\n\n\n\n<li>Verweis-\/Ausstiegsseiten<\/li>\n\n\n\n<li>Klicks z\u00e4hlen<\/li>\n<\/ul>\n\n<p>Diese Daten sind nicht pers\u00f6nlich identifizierbar und werden f\u00fcr Analysen, die Verwaltung der Website und das Verst\u00e4ndnis des Nutzerverhaltens verwendet.<\/p>\n\n<h3 class=\"wp-block-heading\">6. Cookies und Web Beacons<\/h3>\n\n<p>BitQS Review verwendet Cookies, um:<\/p>\n\n<ul class=\"wp-block-list\">\n<li>Besucherpr\u00e4ferenzen speichern<\/li>\n\n\n\n<li>Analysieren Sie Seitenbesuche und Navigationsverhalten<\/li>\n\n\n\n<li>Verbessern Sie das Benutzererlebnis durch Anpassung der Inhalte<\/li>\n<\/ul>\n\n<h3 class=\"wp-block-heading\">7. Google DoubleClick DART Cookie<\/h3>\n\n<p>Google, ein Drittanbieter, verwendet DART-Cookies, um Anzeigen zu schalten, die auf Ihren Aktivit\u00e4ten im Internet basieren. Sie k\u00f6nnen sich dagegen entscheiden, indem Sie uns besuchen: <br\/><a href=\"https:\/\/policies.google.com\/technologies\/ads\" target=\"_blank\" rel=\"noreferrer noopener\">https:\/\/policies.google.com\/technologies\/ads<\/a><\/p>\n\n<h3 class=\"wp-block-heading\">8. Werbepartner<\/h3>\n\n<p>Werbenetzwerke von Drittanbietern k\u00f6nnen Technologien wie Cookies, JavaScript oder Web Beacons in ihren Anzeigen und Links verwenden, die auf BitQS Review erscheinen. Diese k\u00f6nnen Ihre IP-Adresse erfassen, um die Wirksamkeit der Werbung zu messen oder Inhalte zu personalisieren. <\/p>\n\n<p>BitQS Review hat keine Kontrolle \u00fcber die von Drittanbietern verwendeten Cookies. Bitte konsultieren Sie die Datenschutzrichtlinien der jeweiligen Anbieter f\u00fcr weitere Informationen. <\/p>\n\n<h3 class=\"wp-block-heading\">9. Datenschutzrichtlinien von Drittanbietern<\/h3>\n\n<p>Unsere Datenschutzbestimmungen gelten nicht f\u00fcr andere Websites oder Werbetreibende. Wir raten Ihnen, die Datenschutzrichtlinien von Drittanbietern zu lesen, um Einzelheiten \u00fcber deren Datenpraktiken und Anweisungen zum Ausstieg zu erfahren.<\/p>\n\n<p>Browserspezifische Informationen zur Cookie-Verwaltung finden Sie auf der Website des jeweiligen Browsers.<\/p>\n\n<h3 class=\"wp-block-heading\">10. CCPA-Datenschutzrechte (Einwohner von Kalifornien)<\/h3>\n\n<p>Gem\u00e4\u00df dem California Consumer Privacy Act (CCPA) haben kalifornische Nutzer das Recht auf:<\/p>\n\n<ul class=\"wp-block-list\">\n<li>Wissen, welche pers\u00f6nlichen Daten \u00fcber sie gesammelt werden<\/li>\n\n\n\n<li>die L\u00f6schung ihrer pers\u00f6nlichen Daten verlangen<\/li>\n\n\n\n<li>Widersprechen Sie dem Verkauf von pers\u00f6nlichen Daten<\/li>\n<\/ul>\n\n<p>Wir werden auf CCPA-bezogene Anfragen innerhalb eines Monats antworten. Kontaktieren Sie uns, um Ihre Rechte wahrzunehmen.<\/p>\n\n<h3 class=\"wp-block-heading\">11. GDPR-Datenschutzrechte (EU\/EWR-B\u00fcrger)<\/h3>\n\n<p>Gem\u00e4\u00df der Allgemeinen Datenschutzverordnung (GDPR) stehen Ihnen die folgenden Rechte zu:<\/p>\n\n<ul class=\"wp-block-list\">\n<li><strong>Zugang:<\/strong> Beantragen Sie eine Kopie Ihrer Daten<\/li>\n\n\n\n<li><strong>Richtigstellung:<\/strong> Beantragen Sie die Berichtigung von ungenauen oder unvollst\u00e4ndigen Daten<\/li>\n\n\n\n<li><strong>L\u00f6schung:<\/strong> Verlangen Sie die L\u00f6schung Ihrer pers\u00f6nlichen Daten (unter bestimmten Bedingungen)<\/li>\n\n\n\n<li><strong>Einschr\u00e4nkung:<\/strong> Antrag auf Einschr\u00e4nkung der Verarbeitung Ihrer Daten (unter bestimmten Bedingungen)<\/li>\n\n\n\n<li><strong>Einspruch:<\/strong> Widerspruch gegen die Verarbeitung Ihrer Daten (unter bestimmten Bedingungen)<\/li>\n\n\n\n<li><strong>Daten\u00fcbertragbarkeit:<\/strong> Beantragen Sie die \u00dcbertragung Ihrer Daten an einen anderen Dienstanbieter<\/li>\n<\/ul>\n\n<p>Wir antworten auf alle GDPR-bezogenen Anfragen innerhalb eines Monats.<\/p>\n\n<h3 class=\"wp-block-heading\">12. Die Privatsph\u00e4re der Kinder<\/h3>\n\n<p>Der Schutz der Privatsph\u00e4re von Kindern im Internet ist f\u00fcr uns wichtig. BitQS Review sammelt nicht wissentlich pers\u00f6nliche Daten von Kindern unter 13 Jahren. Wenn Sie glauben, dass Ihr Kind solche Informationen zur Verf\u00fcgung gestellt hat, kontaktieren Sie uns bitte sofort, damit wir diese umgehend aus unseren Unterlagen entfernen k\u00f6nnen.<\/p>\n\n<h3 class=\"wp-block-heading\">13. Kontakt<\/h3>\n\n<p>Wenn Sie Fragen haben oder weitere Informationen zu unseren Datenschutzrichtlinien ben\u00f6tigen, k\u00f6nnen Sie uns gerne \u00fcber das Kontaktformular oder unter contact@bitqs.review kontaktieren.<\/p>\n","protected":false},"excerpt":{"rendered":"<p>Bei BitQS Review, erreichbar unter https:\/\/bitqs.review\/, legen wir gro\u00dfen Wert auf die Privatsph\u00e4re unserer Besucher. Diese Datenschutzrichtlinie beschreibt die Arten von Informationen, die von BitQS Review gesammelt und aufgezeichnet werden, und wie wir sie verwenden und sch\u00fctzen. 1. Einverst\u00e4ndnis Durch die Nutzung unserer Website erkl\u00e4ren Sie sich mit unserer Datenschutzrichtlinie einverstanden und stimmen deren Bedingungen zu. 2. Umfang der Politik [&hellip;]<\/p>\n","protected":false},"author":1,"featured_media":0,"parent":0,"menu_order":0,"comment_status":"closed","ping_status":"open","template":"","meta":{"footnotes":""},"class_list":["post-176","page","type-page","status-publish","hentry"],"yoast_head":"<!-- This site is optimized with the Yoast SEO plugin v25.3 - https:\/\/yoast.com\/wordpress\/plugins\/seo\/ -->\n<title>Datenschutzbestimmungen - BitQS<\/title>\n<meta name=\"robots\" content=\"index, follow, max-snippet:-1, max-image-preview:large, max-video-preview:-1\" \/>\n<link rel=\"canonical\" href=\"https:\/\/bitqs.review\/de\/datenschutzbestimmungen\/\" \/>\n<meta property=\"og:locale\" content=\"de_DE\" \/>\n<meta property=\"og:type\" content=\"article\" \/>\n<meta property=\"og:title\" content=\"Datenschutzbestimmungen - BitQS\" \/>\n<meta property=\"og:description\" content=\"Bei BitQS Review, erreichbar unter https:\/\/bitqs.review\/, legen wir gro\u00dfen Wert auf die Privatsph\u00e4re unserer Besucher. Diese Datenschutzrichtlinie beschreibt die Arten von Informationen, die von BitQS Review gesammelt und aufgezeichnet werden, und wie wir sie verwenden und sch\u00fctzen. 1. Einverst\u00e4ndnis Durch die Nutzung unserer Website erkl\u00e4ren Sie sich mit unserer Datenschutzrichtlinie einverstanden und stimmen deren Bedingungen zu. 2. Umfang der Politik [&hellip;]\" \/>\n<meta property=\"og:url\" content=\"https:\/\/bitqs.review\/de\/datenschutzbestimmungen\/\" \/>\n<meta property=\"og:site_name\" content=\"BitQS\" \/>\n<meta property=\"article:modified_time\" content=\"2025-03-28T14:31:09+00:00\" \/>\n<meta name=\"twitter:card\" content=\"summary_large_image\" \/>\n<meta name=\"twitter:label1\" content=\"Gesch\u00e4tzte Lesezeit\" \/>\n\t<meta name=\"twitter:data1\" content=\"3\u00a0Minuten\" \/>\n<script type=\"application\/ld+json\" class=\"yoast-schema-graph\">{\"@context\":\"https:\/\/schema.org\",\"@graph\":[{\"@type\":\"WebPage\",\"@id\":\"https:\/\/bitqs.review\/de\/datenschutzbestimmungen\/\",\"url\":\"https:\/\/bitqs.review\/de\/datenschutzbestimmungen\/\",\"name\":\"Datenschutzbestimmungen - BitQS\",\"isPartOf\":{\"@id\":\"https:\/\/bitqs.review\/de\/#website\"},\"datePublished\":\"2025-03-17T19:46:43+00:00\",\"dateModified\":\"2025-03-28T14:31:09+00:00\",\"breadcrumb\":{\"@id\":\"https:\/\/bitqs.review\/de\/datenschutzbestimmungen\/#breadcrumb\"},\"inLanguage\":\"de\",\"potentialAction\":[{\"@type\":\"ReadAction\",\"target\":[\"https:\/\/bitqs.review\/de\/datenschutzbestimmungen\/\"]}]},{\"@type\":\"BreadcrumbList\",\"@id\":\"https:\/\/bitqs.review\/de\/datenschutzbestimmungen\/#breadcrumb\",\"itemListElement\":[{\"@type\":\"ListItem\",\"position\":1,\"name\":\"Home\",\"item\":\"https:\/\/bitqs.review\/de\/\"},{\"@type\":\"ListItem\",\"position\":2,\"name\":\"Datenschutzbestimmungen\"}]},{\"@type\":\"WebSite\",\"@id\":\"https:\/\/bitqs.review\/de\/#website\",\"url\":\"https:\/\/bitqs.review\/de\/\",\"name\":\"BitQS\",\"description\":\"How to use BitQS \u2013 full review\",\"potentialAction\":[{\"@type\":\"SearchAction\",\"target\":{\"@type\":\"EntryPoint\",\"urlTemplate\":\"https:\/\/bitqs.review\/de\/?s={search_term_string}\"},\"query-input\":{\"@type\":\"PropertyValueSpecification\",\"valueRequired\":true,\"valueName\":\"search_term_string\"}}],\"inLanguage\":\"de\"}]}<\/script>\n<!-- \/ Yoast SEO plugin. -->","yoast_head_json":{"title":"Datenschutzbestimmungen - BitQS","robots":{"index":"index","follow":"follow","max-snippet":"max-snippet:-1","max-image-preview":"max-image-preview:large","max-video-preview":"max-video-preview:-1"},"canonical":"https:\/\/bitqs.review\/de\/datenschutzbestimmungen\/","og_locale":"de_DE","og_type":"article","og_title":"Datenschutzbestimmungen - BitQS","og_description":"Bei BitQS Review, erreichbar unter https:\/\/bitqs.review\/, legen wir gro\u00dfen Wert auf die Privatsph\u00e4re unserer Besucher. Diese Datenschutzrichtlinie beschreibt die Arten von Informationen, die von BitQS Review gesammelt und aufgezeichnet werden, und wie wir sie verwenden und sch\u00fctzen. 1. Einverst\u00e4ndnis Durch die Nutzung unserer Website erkl\u00e4ren Sie sich mit unserer Datenschutzrichtlinie einverstanden und stimmen deren Bedingungen zu. 2. Umfang der Politik [&hellip;]","og_url":"https:\/\/bitqs.review\/de\/datenschutzbestimmungen\/","og_site_name":"BitQS","article_modified_time":"2025-03-28T14:31:09+00:00","twitter_card":"summary_large_image","twitter_misc":{"Gesch\u00e4tzte Lesezeit":"3\u00a0Minuten"},"schema":{"@context":"https:\/\/schema.org","@graph":[{"@type":"WebPage","@id":"https:\/\/bitqs.review\/de\/datenschutzbestimmungen\/","url":"https:\/\/bitqs.review\/de\/datenschutzbestimmungen\/","name":"Datenschutzbestimmungen - BitQS","isPartOf":{"@id":"https:\/\/bitqs.review\/de\/#website"},"datePublished":"2025-03-17T19:46:43+00:00","dateModified":"2025-03-28T14:31:09+00:00","breadcrumb":{"@id":"https:\/\/bitqs.review\/de\/datenschutzbestimmungen\/#breadcrumb"},"inLanguage":"de","potentialAction":[{"@type":"ReadAction","target":["https:\/\/bitqs.review\/de\/datenschutzbestimmungen\/"]}]},{"@type":"BreadcrumbList","@id":"https:\/\/bitqs.review\/de\/datenschutzbestimmungen\/#breadcrumb","itemListElement":[{"@type":"ListItem","position":1,"name":"Home","item":"https:\/\/bitqs.review\/de\/"},{"@type":"ListItem","position":2,"name":"Datenschutzbestimmungen"}]},{"@type":"WebSite","@id":"https:\/\/bitqs.review\/de\/#website","url":"https:\/\/bitqs.review\/de\/","name":"BitQS","description":"How to use BitQS \u2013 full review","potentialAction":[{"@type":"SearchAction","target":{"@type":"EntryPoint","urlTemplate":"https:\/\/bitqs.review\/de\/?s={search_term_string}"},"query-input":{"@type":"PropertyValueSpecification","valueRequired":true,"valueName":"search_term_string"}}],"inLanguage":"de"}]}},"_links":{"self":[{"href":"https:\/\/bitqs.review\/de\/wp-json\/wp\/v2\/pages\/176","targetHints":{"allow":["GET"]}}],"collection":[{"href":"https:\/\/bitqs.review\/de\/wp-json\/wp\/v2\/pages"}],"about":[{"href":"https:\/\/bitqs.review\/de\/wp-json\/wp\/v2\/types\/page"}],"author":[{"embeddable":true,"href":"https:\/\/bitqs.review\/de\/wp-json\/wp\/v2\/users\/1"}],"replies":[{"embeddable":true,"href":"https:\/\/bitqs.review\/de\/wp-json\/wp\/v2\/comments?post=176"}],"version-history":[{"count":1,"href":"https:\/\/bitqs.review\/de\/wp-json\/wp\/v2\/pages\/176\/revisions"}],"predecessor-version":[{"id":177,"href":"https:\/\/bitqs.review\/de\/wp-json\/wp\/v2\/pages\/176\/revisions\/177"}],"wp:attachment":[{"href":"https:\/\/bitqs.review\/de\/wp-json\/wp\/v2\/media?parent=176"}],"curies":[{"name":"wp","href":"https:\/\/api.w.org\/{rel}","templated":true}]}}